{"id":19,"date":"2020-12-04T22:53:40","date_gmt":"2020-12-04T21:53:40","guid":{"rendered":"http:\/\/adwokatadamczuk.pl\/?page_id=19"},"modified":"2020-12-08T21:07:47","modified_gmt":"2020-12-08T20:07:47","slug":"kontakt","status":"publish","type":"page","link":"https:\/\/adwokatadamczuk.pl\/?page_id=19","title":{"rendered":"KONTAKT"},"content":{"rendered":"\n<p class=\"ikonki\"><i class=\"fa fa-envelope fa-4x\" aria-hidden=\"true\"><\/i><\/p>\n\n\n\n<p class=\"has-text-align-center has-text-color has-medium-font-size\" style=\"color:#626262\"><strong>KONTAKT<\/strong><\/p>\n\n\n\n<p class=\"has-text-color\" style=\"color:#626262\"><strong>Siedziba Kancelarii:<\/strong><br>ul. Kili\u0144skiego 66\/2,<br>22-400 Zamo\u015b\u0107 (budynek PSB)<\/p>\n\n\n\n<p class=\"has-text-color\" style=\"color:#626262\">Kancelaria Adwokacka jest czynna od poniedzia\u0142ku do pi\u0105tku w godzinach 8.00-16.00<\/p>\n\n\n\n<p class=\"has-text-color\" style=\"color:#626262\">W celu um\u00f3wienia si\u0119 na spotkanie nale\u017cy dzwoni\u0107 pod numer telefonu  510 251 876. <\/p>\n\n\n\n<p class=\"has-text-color\" style=\"color:#626262\">Po wcze\u015bniejszym um\u00f3wieniu mo\u017cliwo\u015b\u0107 ustalenia terminu spotkania poza godzinami pracy Kancelarii.<\/p>\n\n\n\n<iframe loading=\"lazy\" src=\"https:\/\/www.google.com\/maps\/embed?pb=!1m18!1m12!1m3!1d2525.7363658592776!2d23.261474316069865!3d50.72482997951406!2m3!1f0!2f0!3f0!3m2!1i1024!2i768!4f13.1!3m3!1m2!1s0x472367a94e22011d%3A0x1e54316aeadcdfdc!2sUlica%20Jana%20Kili%C5%84skiego%2066%2F2%2C%2022-400%20Zamo%C5%9B%C4%87%2C%20Polska!5e0!3m2!1spl!2sus!4v1607213685097!5m2!1spl!2sus\" style=\"border:0;\" allowfullscreen=\"\" aria-hidden=\"false\" tabindex=\"0\" width=\"800\" height=\"600\" frameborder=\"0\"><\/iframe>\n\n\n\n\n<div class=\"formularz\" style=\"text-align:center\">\n<h3>Formularz kontaktowy:<\/h3>\n        <div role=\"form\" class=\"wpcf7\" id=\"wpcf7-f99-o1\" lang=\"pl-PL\" dir=\"ltr\">\n<div class=\"screen-reader-response\"><p role=\"status\" aria-live=\"polite\" aria-atomic=\"true\"><\/p> <ul><\/ul><\/div>\n<form action=\"\/index.php?rest_route=%2Fwp%2Fv2%2Fpages%2F19#wpcf7-f99-o1\" method=\"post\" class=\"wpcf7-form init\" novalidate=\"novalidate\" data-status=\"init\">\n<div style=\"display: none;\">\n<input type=\"hidden\" name=\"_wpcf7\" value=\"99\" \/>\n<input type=\"hidden\" name=\"_wpcf7_version\" value=\"5.4\" \/>\n<input type=\"hidden\" name=\"_wpcf7_locale\" value=\"pl_PL\" \/>\n<input type=\"hidden\" name=\"_wpcf7_unit_tag\" value=\"wpcf7-f99-o1\" \/>\n<input type=\"hidden\" name=\"_wpcf7_container_post\" value=\"0\" \/>\n<input type=\"hidden\" name=\"_wpcf7_posted_data_hash\" value=\"\" \/>\n<input type=\"hidden\" name=\"_wpcf7_recaptcha_response\" value=\"\" \/>\n<\/div>\n<p><label> Imi\u0119 i nazwisko (wymagane)<br \/>\n    <span class=\"wpcf7-form-control-wrap your-name\"><input type=\"text\" name=\"your-name\" value=\"\" size=\"40\" class=\"wpcf7-form-control wpcf7-text wpcf7-validates-as-required\" aria-required=\"true\" aria-invalid=\"false\" \/><\/span> <\/label><\/p>\n<p><label> Tw\u00f3j email (wymagane)<br \/>\n    <span class=\"wpcf7-form-control-wrap your-email\"><input type=\"email\" name=\"your-email\" value=\"\" size=\"40\" class=\"wpcf7-form-control wpcf7-text wpcf7-email wpcf7-validates-as-required wpcf7-validates-as-email\" aria-required=\"true\" aria-invalid=\"false\" \/><\/span> <\/label><\/p>\n<p><label> Temat<br \/>\n    <span class=\"wpcf7-form-control-wrap your-subject\"><input type=\"text\" name=\"your-subject\" value=\"\" size=\"40\" class=\"wpcf7-form-control wpcf7-text\" aria-invalid=\"false\" \/><\/span> <\/label><\/p>\n<p><label> Tre\u015b\u0107 wiadomo\u015bci<br \/>\n    <span class=\"wpcf7-form-control-wrap your-message\"><textarea name=\"your-message\" cols=\"40\" rows=\"10\" class=\"wpcf7-form-control wpcf7-textarea\" aria-invalid=\"false\"><\/textarea><\/span> <\/label><br \/>\n<input type=\"submit\" value=\"Wy\u015blij\" class=\"wpcf7-form-control wpcf7-submit\" \/><\/p>\n<div class=\"wpcf7-response-output\" aria-hidden=\"true\"><\/div><\/form><\/div>\n<\/div>\n","protected":false},"excerpt":{"rendered":"<p>KONTAKT Siedziba Kancelarii:ul. Kili\u0144skiego 66\/2,22-400 Zamo\u015b\u0107 (budynek PSB) Kancelaria Adwokacka jest czynna od poniedzia\u0142ku do pi\u0105tku w godzinach 8.00-16.00 W celu um\u00f3wienia si\u0119 na spotkanie nale\u017cy dzwoni\u0107 pod numer telefonu 510 251 876. Po wcze\u015bniejszym um\u00f3wieniu mo\u017cliwo\u015b\u0107 ustalenia terminu spotkania poza godzinami pracy Kancelarii. Formularz kontaktowy:<\/p>\n","protected":false},"author":1,"featured_media":30,"parent":0,"menu_order":0,"comment_status":"closed","ping_status":"closed","template":"","meta":[],"yoast_head":"<!-- This site is optimized with the Yoast SEO plugin v15.9.2 - https:\/\/yoast.com\/wordpress\/plugins\/seo\/ -->\n<title>KONTAKT - Adamczuk<\/title>\n<link rel=\"canonical\" href=\"https:\/\/adwokatadamczuk.pl\/?page_id=19\" \/>\n<meta property=\"og:locale\" content=\"pl_PL\" \/>\n<meta property=\"og:type\" content=\"article\" \/>\n<meta property=\"og:title\" content=\"KONTAKT - Adamczuk\" \/>\n<meta property=\"og:description\" content=\"KONTAKT Siedziba Kancelarii:ul. Kili\u0144skiego 66\/2,22-400 Zamo\u015b\u0107 (budynek PSB) Kancelaria Adwokacka jest czynna od poniedzia\u0142ku do pi\u0105tku w godzinach 8.00-16.00 W celu um\u00f3wienia si\u0119 na spotkanie nale\u017cy dzwoni\u0107 pod numer telefonu 510 251 876. Po wcze\u015bniejszym um\u00f3wieniu mo\u017cliwo\u015b\u0107 ustalenia terminu spotkania poza godzinami pracy Kancelarii. Formularz kontaktowy:\" \/>\n<meta property=\"og:url\" content=\"https:\/\/adwokatadamczuk.pl\/?page_id=19\" \/>\n<meta property=\"og:site_name\" content=\"Adamczuk\" \/>\n<meta property=\"article:modified_time\" content=\"2020-12-08T20:07:47+00:00\" \/>\n<meta property=\"og:image\" content=\"https:\/\/adwokatadamczuk.pl\/wp-content\/uploads\/2020\/12\/aa_kontakt_background.jpg\" \/>\n\t<meta property=\"og:image:width\" content=\"2048\" \/>\n\t<meta property=\"og:image:height\" content=\"900\" \/>\n<meta name=\"twitter:card\" content=\"summary_large_image\" \/>\n<script type=\"application\/ld+json\" class=\"yoast-schema-graph\">{\"@context\":\"https:\/\/schema.org\",\"@graph\":[{\"@type\":\"WebSite\",\"@id\":\"https:\/\/adwokatadamczuk.pl\/#website\",\"url\":\"https:\/\/adwokatadamczuk.pl\/\",\"name\":\"Adamczuk\",\"description\":\"KANCELARIA ADWOKACKA\",\"potentialAction\":[{\"@type\":\"SearchAction\",\"target\":\"https:\/\/adwokatadamczuk.pl\/?s={search_term_string}\",\"query-input\":\"required name=search_term_string\"}],\"inLanguage\":\"pl-PL\"},{\"@type\":\"ImageObject\",\"@id\":\"https:\/\/adwokatadamczuk.pl\/?page_id=19#primaryimage\",\"inLanguage\":\"pl-PL\",\"url\":\"https:\/\/adwokatadamczuk.pl\/wp-content\/uploads\/2020\/12\/aa_kontakt_background.jpg\",\"width\":2048,\"height\":900},{\"@type\":\"WebPage\",\"@id\":\"https:\/\/adwokatadamczuk.pl\/?page_id=19#webpage\",\"url\":\"https:\/\/adwokatadamczuk.pl\/?page_id=19\",\"name\":\"KONTAKT - Adamczuk\",\"isPartOf\":{\"@id\":\"https:\/\/adwokatadamczuk.pl\/#website\"},\"primaryImageOfPage\":{\"@id\":\"https:\/\/adwokatadamczuk.pl\/?page_id=19#primaryimage\"},\"datePublished\":\"2020-12-04T21:53:40+00:00\",\"dateModified\":\"2020-12-08T20:07:47+00:00\",\"breadcrumb\":{\"@id\":\"https:\/\/adwokatadamczuk.pl\/?page_id=19#breadcrumb\"},\"inLanguage\":\"pl-PL\",\"potentialAction\":[{\"@type\":\"ReadAction\",\"target\":[\"https:\/\/adwokatadamczuk.pl\/?page_id=19\"]}]},{\"@type\":\"BreadcrumbList\",\"@id\":\"https:\/\/adwokatadamczuk.pl\/?page_id=19#breadcrumb\",\"itemListElement\":[{\"@type\":\"ListItem\",\"position\":1,\"item\":{\"@type\":\"WebPage\",\"@id\":\"https:\/\/adwokatadamczuk.pl\/\",\"url\":\"https:\/\/adwokatadamczuk.pl\/\",\"name\":\"Strona g\\u0142\\u00f3wna\"}},{\"@type\":\"ListItem\",\"position\":2,\"item\":{\"@type\":\"WebPage\",\"@id\":\"https:\/\/adwokatadamczuk.pl\/?page_id=19\",\"url\":\"https:\/\/adwokatadamczuk.pl\/?page_id=19\",\"name\":\"KONTAKT\"}}]}]}<\/script>\n<!-- \/ Yoast SEO plugin. -->","_links":{"self":[{"href":"https:\/\/adwokatadamczuk.pl\/index.php?rest_route=\/wp\/v2\/pages\/19"}],"collection":[{"href":"https:\/\/adwokatadamczuk.pl\/index.php?rest_route=\/wp\/v2\/pages"}],"about":[{"href":"https:\/\/adwokatadamczuk.pl\/index.php?rest_route=\/wp\/v2\/types\/page"}],"author":[{"embeddable":true,"href":"https:\/\/adwokatadamczuk.pl\/index.php?rest_route=\/wp\/v2\/users\/1"}],"replies":[{"embeddable":true,"href":"https:\/\/adwokatadamczuk.pl\/index.php?rest_route=%2Fwp%2Fv2%2Fcomments&post=19"}],"version-history":[{"count":9,"href":"https:\/\/adwokatadamczuk.pl\/index.php?rest_route=\/wp\/v2\/pages\/19\/revisions"}],"predecessor-version":[{"id":102,"href":"https:\/\/adwokatadamczuk.pl\/index.php?rest_route=\/wp\/v2\/pages\/19\/revisions\/102"}],"wp:featuredmedia":[{"embeddable":true,"href":"https:\/\/adwokatadamczuk.pl\/index.php?rest_route=\/wp\/v2\/media\/30"}],"wp:attachment":[{"href":"https:\/\/adwokatadamczuk.pl\/index.php?rest_route=%2Fwp%2Fv2%2Fmedia&parent=19"}],"curies":[{"name":"wp","href":"https:\/\/api.w.org\/{rel}","templated":true}]}}